{"id":16,"date":"2024-05-15T12:21:23","date_gmt":"2024-05-15T10:21:23","guid":{"rendered":"https:\/\/www.b12restaurant.cat\/?page_id=16"},"modified":"2024-07-29T09:37:55","modified_gmt":"2024-07-29T07:37:55","slug":"inici","status":"publish","type":"page","link":"https:\/\/www.b12restaurant.cat\/es\/","title":{"rendered":"INICIO"},"content":{"rendered":"<div data-elementor-type=\"wp-page\" data-elementor-id=\"16\" class=\"elementor elementor-16\" data-elementor-post-type=\"page\">\n\t\t\t\t<div class=\"elementor-element elementor-element-cb8d8cb e-con-full e-flex e-con e-parent\" data-id=\"cb8d8cb\" data-element_type=\"container\" data-settings=\"{&quot;background_background&quot;:&quot;slideshow&quot;,&quot;background_slideshow_gallery&quot;:[{&quot;id&quot;:605,&quot;url&quot;:&quot;https:\\\/\\\/www.b12restaurant.cat\\\/wp-content\\\/uploads\\\/2024\\\/07\\\/b12-restaurant-vega-girona.jpg&quot;},{&quot;id&quot;:615,&quot;url&quot;:&quot;https:\\\/\\\/www.b12restaurant.cat\\\/wp-content\\\/uploads\\\/2024\\\/07\\\/b12-vegano.jpg&quot;},{&quot;id&quot;:550,&quot;url&quot;:&quot;https:\\\/\\\/www.b12restaurant.cat\\\/wp-content\\\/uploads\\\/2024\\\/07\\\/b12-rest.jpg&quot;}],&quot;background_slideshow_slide_duration&quot;:2000,&quot;background_slideshow_ken_burns&quot;:&quot;yes&quot;,&quot;background_slideshow_loop&quot;:&quot;yes&quot;,&quot;background_slideshow_slide_transition&quot;:&quot;fade&quot;,&quot;background_slideshow_transition_duration&quot;:500,&quot;background_slideshow_ken_burns_zoom_direction&quot;:&quot;in&quot;}\">\n\t\t\t\t<\/div>\n\t\t<div class=\"elementor-element elementor-element-6072353 e-con-full e-flex e-con e-parent\" data-id=\"6072353\" data-element_type=\"container\" data-settings=\"{&quot;background_background&quot;:&quot;classic&quot;,&quot;animation&quot;:&quot;none&quot;}\">\n\t\t<div class=\"elementor-element elementor-element-2295cb8 e-con-full e-flex e-con e-child\" data-id=\"2295cb8\" data-element_type=\"container\">\n\t\t\t\t<div class=\"elementor-element elementor-element-9f18598 animated-slow elementor-widget__width-initial elementor-invisible elementor-widget elementor-widget-heading\" data-id=\"9f18598\" data-element_type=\"widget\" data-settings=\"{&quot;_animation&quot;:&quot;fadeInLeft&quot;}\" data-widget_type=\"heading.default\">\n\t\t\t\t<div class=\"elementor-widget-container\">\n\t\t\t\t\t<h1 class=\"elementor-heading-title elementor-size-default\">Restaurante bar vegano en el coraz\u00f3n de Girona<\/h1>\t\t\t\t<\/div>\n\t\t\t\t<\/div>\n\t\t\t\t<div class=\"elementor-element elementor-element-12aec18 elementor-widget-tablet__width-initial elementor-invisible elementor-widget elementor-widget-text-editor\" data-id=\"12aec18\" data-element_type=\"widget\" data-settings=\"{&quot;_animation&quot;:&quot;fadeInUp&quot;}\" data-widget_type=\"text-editor.default\">\n\t\t\t\t<div class=\"elementor-widget-container\">\n\t\t\t\t\t\t\t\t\t<p>Platos \u00fanicos con los mejores ingredientes,<br \/>y una gran selecci\u00f3n de cervezas<br \/>artesanales catalanas y vinos naturales.\u00a0<\/p>\t\t\t\t\t\t\t\t<\/div>\n\t\t\t\t<\/div>\n\t\t\t\t<\/div>\n\t\t<div class=\"elementor-element elementor-element-918f9eb e-con-full e-flex e-con e-child\" data-id=\"918f9eb\" data-element_type=\"container\">\n\t\t\t\t<div class=\"elementor-element elementor-element-8e50dcb animated-slow elementor-invisible elementor-widget elementor-widget-image\" data-id=\"8e50dcb\" data-element_type=\"widget\" data-settings=\"{&quot;_animation&quot;:&quot;fadeInRight&quot;}\" data-widget_type=\"image.default\">\n\t\t\t\t<div class=\"elementor-widget-container\">\n\t\t\t\t\t\t\t\t\t\t\t\t\t\t\t<img fetchpriority=\"high\" decoding=\"async\" width=\"783\" height=\"235\" src=\"https:\/\/www.b12restaurant.cat\/wp-content\/uploads\/2024\/05\/Recurso-2B12lineal.svg\" class=\"attachment-large size-large wp-image-111\" alt=\"restaurant bar veg\u00e0 a girona\" \/>\t\t\t\t\t\t\t\t\t\t\t\t\t\t\t<\/div>\n\t\t\t\t<\/div>\n\t\t\t\t<div class=\"elementor-element elementor-element-8d1b1a9 elementor-invisible elementor-widget elementor-widget-button\" data-id=\"8d1b1a9\" data-element_type=\"widget\" data-settings=\"{&quot;_animation&quot;:&quot;fadeInUp&quot;,&quot;_animation_delay&quot;:1500}\" data-widget_type=\"button.default\">\n\t\t\t\t<div class=\"elementor-widget-container\">\n\t\t\t\t\t\t\t\t\t<div class=\"elementor-button-wrapper\">\n\t\t\t\t\t<a class=\"elementor-button elementor-button-link elementor-size-sm elementor-animation-grow\" href=\"\/es\/qui-som\/\">\n\t\t\t\t\t\t<span class=\"elementor-button-content-wrapper\">\n\t\t\t\t\t\t\t\t\t<span class=\"elementor-button-text\">QUI\u00c9NES SOMOS<\/span>\n\t\t\t\t\t<\/span>\n\t\t\t\t\t<\/a>\n\t\t\t\t<\/div>\n\t\t\t\t\t\t\t\t<\/div>\n\t\t\t\t<\/div>\n\t\t\t\t<\/div>\n\t\t\t\t<\/div>\n\t\t<div class=\"elementor-element elementor-element-2b8f4b4 e-con-full e-flex e-con e-parent\" data-id=\"2b8f4b4\" data-element_type=\"container\" data-settings=\"{&quot;background_background&quot;:&quot;classic&quot;}\">\n\t\t<div class=\"elementor-element elementor-element-96a5702 e-con-full e-flex elementor-invisible e-con e-child\" data-id=\"96a5702\" data-element_type=\"container\" data-settings=\"{&quot;background_background&quot;:&quot;classic&quot;,&quot;animation&quot;:&quot;fadeInUp&quot;,&quot;animation_delay&quot;:500}\">\n\t\t\t\t<\/div>\n\t\t<div class=\"elementor-element elementor-element-51a4563 e-con-full e-flex e-con e-child\" data-id=\"51a4563\" data-element_type=\"container\" data-settings=\"{&quot;background_background&quot;:&quot;slideshow&quot;,&quot;background_slideshow_gallery&quot;:[{&quot;id&quot;:423,&quot;url&quot;:&quot;https:\\\/\\\/www.b12restaurant.cat\\\/wp-content\\\/uploads\\\/2024\\\/07\\\/6.jpg&quot;},{&quot;id&quot;:420,&quot;url&quot;:&quot;https:\\\/\\\/www.b12restaurant.cat\\\/wp-content\\\/uploads\\\/2024\\\/07\\\/3-2.jpg&quot;},{&quot;id&quot;:59,&quot;url&quot;:&quot;https:\\\/\\\/www.b12restaurant.cat\\\/wp-content\\\/uploads\\\/2024\\\/05\\\/Quiche-de-tofu-fumat-verdures-i-miso.jpeg&quot;},{&quot;id&quot;:60,&quot;url&quot;:&quot;https:\\\/\\\/www.b12restaurant.cat\\\/wp-content\\\/uploads\\\/2024\\\/05\\\/Seita-amb-pure-de-moniato.jpeg&quot;},{&quot;id&quot;:432,&quot;url&quot;:&quot;https:\\\/\\\/www.b12restaurant.cat\\\/wp-content\\\/uploads\\\/2024\\\/07\\\/15.jpg&quot;},{&quot;id&quot;:431,&quot;url&quot;:&quot;https:\\\/\\\/www.b12restaurant.cat\\\/wp-content\\\/uploads\\\/2024\\\/07\\\/14.jpg&quot;},{&quot;id&quot;:430,&quot;url&quot;:&quot;https:\\\/\\\/www.b12restaurant.cat\\\/wp-content\\\/uploads\\\/2024\\\/07\\\/13.jpg&quot;}],&quot;background_slideshow_slide_duration&quot;:2000,&quot;background_slideshow_loop&quot;:&quot;yes&quot;,&quot;background_slideshow_slide_transition&quot;:&quot;fade&quot;,&quot;background_slideshow_transition_duration&quot;:500}\">\n\t\t\t\t<\/div>\n\t\t<div class=\"elementor-element elementor-element-f564dd1 e-con-full e-flex e-con e-child\" data-id=\"f564dd1\" data-element_type=\"container\">\n\t\t\t\t<div class=\"elementor-element elementor-element-1167099 elementor-invisible elementor-widget elementor-widget-heading\" data-id=\"1167099\" data-element_type=\"widget\" data-settings=\"{&quot;_animation&quot;:&quot;fadeInRight&quot;}\" data-widget_type=\"heading.default\">\n\t\t\t\t<div class=\"elementor-widget-container\">\n\t\t\t\t\t<h2 class=\"elementor-heading-title elementor-size-default\">Una carta variada para todos los gustos y necesidades.<\/h2>\t\t\t\t<\/div>\n\t\t\t\t<\/div>\n\t\t\t\t<div class=\"elementor-element elementor-element-0aecc16 elementor-invisible elementor-widget elementor-widget-text-editor\" data-id=\"0aecc16\" data-element_type=\"widget\" data-settings=\"{&quot;_animation&quot;:&quot;fadeInUp&quot;}\" data-widget_type=\"text-editor.default\">\n\t\t\t\t<div class=\"elementor-widget-container\">\n\t\t\t\t\t\t\t\t\t<p>B12 es un restaurante bar vegano y ecol\u00f3gico abierto desde 2008. Actualmente situado en pleno centro de Girona, en la Calle Hortes, 7. Nuestra cocina es vegana, libre de productos animales, de car\u00e1cter mediterr\u00e1neo, pero con influencias de otras culturas como la oriental, india y marroqu\u00ed. La gran mayor\u00eda de nuestros productos son ecol\u00f3gicos y de gran calidad, ofreciendo siempre una cocina llena de sabores, texturas y colores.<\/p>\t\t\t\t\t\t\t\t<\/div>\n\t\t\t\t<\/div>\n\t\t\t\t<div class=\"elementor-element elementor-element-0e87ea5 elementor-invisible elementor-widget elementor-widget-button\" data-id=\"0e87ea5\" data-element_type=\"widget\" data-settings=\"{&quot;_animation&quot;:&quot;fadeInRight&quot;,&quot;_animation_delay&quot;:1000}\" data-widget_type=\"button.default\">\n\t\t\t\t<div class=\"elementor-widget-container\">\n\t\t\t\t\t\t\t\t\t<div class=\"elementor-button-wrapper\">\n\t\t\t\t\t<a class=\"elementor-button elementor-button-link elementor-size-sm elementor-animation-grow\" href=\"\/es\/carta\/\">\n\t\t\t\t\t\t<span class=\"elementor-button-content-wrapper\">\n\t\t\t\t\t\t\t\t\t<span class=\"elementor-button-text\">LA CARTA<\/span>\n\t\t\t\t\t<\/span>\n\t\t\t\t\t<\/a>\n\t\t\t\t<\/div>\n\t\t\t\t\t\t\t\t<\/div>\n\t\t\t\t<\/div>\n\t\t\t\t<\/div>\n\t\t\t\t<\/div>\n\t\t<div class=\"elementor-element elementor-element-e5a82e7 e-con-full animated-slow e-flex elementor-invisible e-con e-parent\" data-id=\"e5a82e7\" data-element_type=\"container\" data-settings=\"{&quot;background_background&quot;:&quot;classic&quot;,&quot;animation&quot;:&quot;fadeIn&quot;}\">\n\t\t\t\t<div class=\"elementor-element elementor-element-b873d71 elementor-view-default elementor-invisible elementor-widget elementor-widget-icon\" data-id=\"b873d71\" data-element_type=\"widget\" data-settings=\"{&quot;_animation&quot;:&quot;slideInDown&quot;}\" data-widget_type=\"icon.default\">\n\t\t\t\t<div class=\"elementor-widget-container\">\n\t\t\t\t\t\t\t<div class=\"elementor-icon-wrapper\">\n\t\t\t<div class=\"elementor-icon\">\n\t\t\t<svg xmlns=\"http:\/\/www.w3.org\/2000\/svg\" viewbox=\"0 0 51.71 49.11\"><g id=\"Capa_2\" data-name=\"Capa 2\"><g id=\"Disseny\"><path d=\"M25.86,0c.17.4.27.62.36.86Q29.34,8.91,32.44,17a1,1,0,0,0,1,.78q8.91.45,17.82,1a2.77,2.77,0,0,1,.41.06l-.81.68c-4.44,3.6-8.87,7.22-13.33,10.8a1,1,0,0,0-.4,1.29Q39.4,39.78,41.58,48c.09.3.15.61.27,1.08-.37-.23-.59-.35-.8-.49-4.86-3.14-9.73-6.27-14.57-9.43a1,1,0,0,0-1.24,0Q18,43.93,10.73,48.59l-.8.5c.06-.33.09-.53.14-.73,1.49-5.61,3-11.22,4.49-16.82a1.05,1.05,0,0,0-.4-1.3Q7.5,24.89.88,19.49L0,18.76c.92-.07,1.67-.13,2.43-.17C7.72,18.3,13,18,18.29,17.75a1,1,0,0,0,1-.74q3.07-8,6.19-16C25.57.7,25.68.44,25.86,0Z\" style=\"fill:#fff\"><\/path><\/g><\/g><\/svg>\t\t\t<\/div>\n\t\t<\/div>\n\t\t\t\t\t\t<\/div>\n\t\t\t\t<\/div>\n\t\t\t\t<div class=\"elementor-element elementor-element-21629fc elementor-invisible elementor-widget elementor-widget-heading\" data-id=\"21629fc\" data-element_type=\"widget\" data-settings=\"{&quot;_animation&quot;:&quot;slideInUp&quot;}\" data-widget_type=\"heading.default\">\n\t\t\t\t<div class=\"elementor-widget-container\">\n\t\t\t\t\t<h3 class=\"elementor-heading-title elementor-size-default\">LA REVOLUCI\u00d3N EMPIEZA EN LA COCINA<\/h3>\t\t\t\t<\/div>\n\t\t\t\t<\/div>\n\t\t\t\t<\/div>\n\t\t<div class=\"elementor-element elementor-element-c11006f e-con-full e-flex e-con e-parent\" data-id=\"c11006f\" data-element_type=\"container\" data-settings=\"{&quot;background_background&quot;:&quot;gradient&quot;}\">\n\t\t<div class=\"elementor-element elementor-element-b83b566 e-con-full e-flex e-con e-child\" data-id=\"b83b566\" data-element_type=\"container\">\n\t\t\t\t<div class=\"elementor-element elementor-element-373b94a elementor-align-justify elementor-widget__width-initial elementor-invisible elementor-widget elementor-widget-button\" data-id=\"373b94a\" data-element_type=\"widget\" data-settings=\"{&quot;_animation&quot;:&quot;fadeInUp&quot;}\" data-widget_type=\"button.default\">\n\t\t\t\t<div class=\"elementor-widget-container\">\n\t\t\t\t\t\t\t\t\t<div class=\"elementor-button-wrapper\">\n\t\t\t\t\t<a class=\"elementor-button elementor-button-link elementor-size-sm elementor-animation-grow\" href=\"\/es\/carta\/\">\n\t\t\t\t\t\t<span class=\"elementor-button-content-wrapper\">\n\t\t\t\t\t\t\t\t\t<span class=\"elementor-button-text\">CARTA Y MEN\u00da DE MEDIOD\u00cdA<\/span>\n\t\t\t\t\t<\/span>\n\t\t\t\t\t<\/a>\n\t\t\t\t<\/div>\n\t\t\t\t\t\t\t\t<\/div>\n\t\t\t\t<\/div>\n\t\t\t\t<div class=\"elementor-element elementor-element-6734c2b elementor-align-justify elementor-widget__width-initial elementor-invisible elementor-widget elementor-widget-button\" data-id=\"6734c2b\" data-element_type=\"widget\" data-settings=\"{&quot;_animation&quot;:&quot;fadeInUp&quot;}\" data-widget_type=\"button.default\">\n\t\t\t\t<div class=\"elementor-widget-container\">\n\t\t\t\t\t\t\t\t\t<div class=\"elementor-button-wrapper\">\n\t\t\t\t\t<a class=\"elementor-button elementor-button-link elementor-size-sm elementor-animation-grow\" href=\"\/es\/cerveses-artesanes\/\">\n\t\t\t\t\t\t<span class=\"elementor-button-content-wrapper\">\n\t\t\t\t\t\t\t\t\t<span class=\"elementor-button-text\">CERVEZAS ARTESANALES<\/span>\n\t\t\t\t\t<\/span>\n\t\t\t\t\t<\/a>\n\t\t\t\t<\/div>\n\t\t\t\t\t\t\t\t<\/div>\n\t\t\t\t<\/div>\n\t\t\t\t<div class=\"elementor-element elementor-element-40f1372 elementor-align-justify elementor-widget__width-initial elementor-invisible elementor-widget elementor-widget-button\" data-id=\"40f1372\" data-element_type=\"widget\" data-settings=\"{&quot;_animation&quot;:&quot;fadeInUp&quot;}\" data-widget_type=\"button.default\">\n\t\t\t\t<div class=\"elementor-widget-container\">\n\t\t\t\t\t\t\t\t\t<div class=\"elementor-button-wrapper\">\n\t\t\t\t\t<a class=\"elementor-button elementor-button-link elementor-size-sm elementor-animation-grow\" href=\"\/es\/vins\/\">\n\t\t\t\t\t\t<span class=\"elementor-button-content-wrapper\">\n\t\t\t\t\t\t\t\t\t<span class=\"elementor-button-text\">CARTA DE VINOS<\/span>\n\t\t\t\t\t<\/span>\n\t\t\t\t\t<\/a>\n\t\t\t\t<\/div>\n\t\t\t\t\t\t\t\t<\/div>\n\t\t\t\t<\/div>\n\t\t\t\t<\/div>\n\t\t<div class=\"elementor-element elementor-element-4fd71ff e-con-full e-flex e-con e-child\" data-id=\"4fd71ff\" data-element_type=\"container\">\n\t\t<div class=\"elementor-element elementor-element-6c08a76 e-con-full e-flex e-con e-child\" data-id=\"6c08a76\" data-element_type=\"container\">\n\t\t\t\t<div class=\"elementor-element elementor-element-038ad3e elementor-widget elementor-widget-heading\" data-id=\"038ad3e\" data-element_type=\"widget\" data-widget_type=\"heading.default\">\n\t\t\t\t<div class=\"elementor-widget-container\">\n\t\t\t\t\t<h2 class=\"elementor-heading-title elementor-size-default\">Caf\u00e9 Bar Vegano en el centro de Girona<\/h2>\t\t\t\t<\/div>\n\t\t\t\t<\/div>\n\t\t\t\t<div class=\"elementor-element elementor-element-5e1ebae elementor-invisible elementor-widget elementor-widget-text-editor\" data-id=\"5e1ebae\" data-element_type=\"widget\" data-settings=\"{&quot;_animation&quot;:&quot;fadeInUp&quot;}\" data-widget_type=\"text-editor.default\">\n\t\t\t\t<div class=\"elementor-widget-container\">\n\t\t\t\t\t\t\t\t\t<p><strong>Lunes, martes, mi\u00e9rcoles y jueves<\/strong> <strong>de 11 a 23 h<\/strong> (cocina de 13 a 15:45 y de 18 a 22 h)<br \/><strong>Viernes<\/strong> <strong>de 11 a 24 h<\/strong> (cocina de 13 a 15:45 y de 18 a 22:30 h)<br \/><strong>S\u00e1bado<\/strong>\u00a0<strong>de 18 a 24 h<\/strong> (cocina de 18:30 a 22:30 h)<\/p>\t\t\t\t\t\t\t\t<\/div>\n\t\t\t\t<\/div>\n\t\t\t\t<div class=\"elementor-element elementor-element-f843771 elementor-icon-list--layout-traditional elementor-list-item-link-full_width elementor-invisible elementor-widget elementor-widget-icon-list\" data-id=\"f843771\" data-element_type=\"widget\" data-settings=\"{&quot;_animation&quot;:&quot;fadeInUp&quot;,&quot;_animation_delay&quot;:500}\" data-widget_type=\"icon-list.default\">\n\t\t\t\t<div class=\"elementor-widget-container\">\n\t\t\t\t\t\t\t<ul class=\"elementor-icon-list-items\">\n\t\t\t\t\t\t\t<li class=\"elementor-icon-list-item\">\n\t\t\t\t\t\t\t\t\t\t\t<span class=\"elementor-icon-list-icon\">\n\t\t\t\t\t\t\t<svg aria-hidden=\"true\" class=\"e-font-icon-svg e-fas-map-marker-alt\" viewbox=\"0 0 384 512\" xmlns=\"http:\/\/www.w3.org\/2000\/svg\"><path d=\"M172.268 501.67C26.97 291.031 0 269.413 0 192 0 85.961 85.961 0 192 0s192 85.961 192 192c0 77.413-26.97 99.031-172.268 309.67-9.535 13.774-29.93 13.773-39.464 0zM192 272c44.183 0 80-35.817 80-80s-35.817-80-80-80-80 35.817-80 80 35.817 80 80 80z\"><\/path><\/svg>\t\t\t\t\t\t<\/span>\n\t\t\t\t\t\t\t\t\t\t<span class=\"elementor-icon-list-text\">C\/Hortes 7, 17001, Girona<\/span>\n\t\t\t\t\t\t\t\t\t<\/li>\n\t\t\t\t\t\t\t\t<li class=\"elementor-icon-list-item\">\n\t\t\t\t\t\t\t\t\t\t\t<a href=\"tel:972013202\">\n\n\t\t\t\t\t\t\t\t\t\t\t\t<span class=\"elementor-icon-list-icon\">\n\t\t\t\t\t\t\t<svg aria-hidden=\"true\" class=\"e-font-icon-svg e-fas-phone-alt\" viewbox=\"0 0 512 512\" xmlns=\"http:\/\/www.w3.org\/2000\/svg\"><path d=\"M497.39 361.8l-112-48a24 24 0 0 0-28 6.9l-49.6 60.6A370.66 370.66 0 0 1 130.6 204.11l60.6-49.6a23.94 23.94 0 0 0 6.9-28l-48-112A24.16 24.16 0 0 0 122.6.61l-104 24A24 24 0 0 0 0 48c0 256.5 207.9 464 464 464a24 24 0 0 0 23.4-18.6l24-104a24.29 24.29 0 0 0-14.01-27.6z\"><\/path><\/svg>\t\t\t\t\t\t<\/span>\n\t\t\t\t\t\t\t\t\t\t<span class=\"elementor-icon-list-text\">972 01 32 02<\/span>\n\t\t\t\t\t\t\t\t\t\t\t<\/a>\n\t\t\t\t\t\t\t\t\t<\/li>\n\t\t\t\t\t\t\t\t<li class=\"elementor-icon-list-item\">\n\t\t\t\t\t\t\t\t\t\t\t<a href=\"mailto:cafebar-b12@riseup.net\">\n\n\t\t\t\t\t\t\t\t\t\t\t\t<span class=\"elementor-icon-list-icon\">\n\t\t\t\t\t\t\t<svg aria-hidden=\"true\" class=\"e-font-icon-svg e-fas-envelope\" viewbox=\"0 0 512 512\" xmlns=\"http:\/\/www.w3.org\/2000\/svg\"><path d=\"M502.3 190.8c3.9-3.1 9.7-.2 9.7 4.7V400c0 26.5-21.5 48-48 48H48c-26.5 0-48-21.5-48-48V195.6c0-5 5.7-7.8 9.7-4.7 22.4 17.4 52.1 39.5 154.1 113.6 21.1 15.4 56.7 47.8 92.2 47.6 35.7.3 72-32.8 92.3-47.6 102-74.1 131.6-96.3 154-113.7zM256 320c23.2.4 56.6-29.2 73.4-41.4 132.7-96.3 142.8-104.7 173.4-128.7 5.8-4.5 9.2-11.5 9.2-18.9v-19c0-26.5-21.5-48-48-48H48C21.5 64 0 85.5 0 112v19c0 7.4 3.4 14.3 9.2 18.9 30.6 23.9 40.7 32.4 173.4 128.7 16.8 12.2 50.2 41.8 73.4 41.4z\"><\/path><\/svg>\t\t\t\t\t\t<\/span>\n\t\t\t\t\t\t\t\t\t\t<span class=\"elementor-icon-list-text\">cafebar-b12@riseup.net<\/span>\n\t\t\t\t\t\t\t\t\t\t\t<\/a>\n\t\t\t\t\t\t\t\t\t<\/li>\n\t\t\t\t\t\t<\/ul>\n\t\t\t\t\t\t<\/div>\n\t\t\t\t<\/div>\n\t\t\t\t<div class=\"elementor-element elementor-element-de101af elementor-invisible elementor-widget elementor-widget-button\" data-id=\"de101af\" data-element_type=\"widget\" data-settings=\"{&quot;_animation&quot;:&quot;pulse&quot;,&quot;_animation_delay&quot;:1500}\" data-widget_type=\"button.default\">\n\t\t\t\t<div class=\"elementor-widget-container\">\n\t\t\t\t\t\t\t\t\t<div class=\"elementor-button-wrapper\">\n\t\t\t\t\t<a class=\"elementor-button elementor-button-link elementor-size-sm elementor-animation-grow\" href=\"\/es\/contacte\/\">\n\t\t\t\t\t\t<span class=\"elementor-button-content-wrapper\">\n\t\t\t\t\t\t\t\t\t<span class=\"elementor-button-text\">CONTACTO<\/span>\n\t\t\t\t\t<\/span>\n\t\t\t\t\t<\/a>\n\t\t\t\t<\/div>\n\t\t\t\t\t\t\t\t<\/div>\n\t\t\t\t<\/div>\n\t\t\t\t<\/div>\n\t\t<div class=\"elementor-element elementor-element-ecc3f6c e-con-full e-flex elementor-invisible e-con e-child\" data-id=\"ecc3f6c\" data-element_type=\"container\" data-settings=\"{&quot;background_background&quot;:&quot;classic&quot;,&quot;animation&quot;:&quot;fadeInRight&quot;}\">\n\t\t\t\t<\/div>\n\t\t\t\t<\/div>\n\t\t\t\t<\/div>\n\t\t<div class=\"elementor-element elementor-element-e8a12a6 e-con-full e-flex elementor-invisible e-con e-parent\" data-id=\"e8a12a6\" data-element_type=\"container\" data-settings=\"{&quot;animation&quot;:&quot;fadeIn&quot;}\">\n\t\t\t\t<div class=\"elementor-element elementor-element-237a9e9 elementor-widget elementor-widget-google_maps\" data-id=\"237a9e9\" data-element_type=\"widget\" data-widget_type=\"google_maps.default\">\n\t\t\t\t<div class=\"elementor-widget-container\">\n\t\t\t\t\t\t\t<div class=\"elementor-custom-embed\">\n\t\t\t<iframe loading=\"lazy\"\n\t\t\t\t\tsrc=\"https:\/\/maps.google.com\/maps?q=b12%20restaurant%20girona&#038;t=m&#038;z=17&#038;output=embed&#038;iwloc=near\"\n\t\t\t\t\ttitle=\"b12 restaurante girona\"\n\t\t\t\t\taria-label=\"b12 restaurante girona\"\n\t\t\t><\/iframe>\n\t\t<\/div>\n\t\t\t\t\t\t<\/div>\n\t\t\t\t<\/div>\n\t\t\t\t<\/div>\n\t\t\t\t<\/div>","protected":false},"excerpt":{"rendered":"<p>Restaurante bar vegano en el coraz\u00f3n Girona Platos \u00fanicos con los mejores ingredientes, y una gran selecci\u00f3n de cervezas artesanales catalanas y vinos naturales. QUIENES SOMOS Una carta variada para todos los gustos y necesidades El B12 es un restaurante bar vegano y ecol\u00f3gico abierto desde 2008. Actualmente situado en pleno centro de Girona, en la Calle [\u2026]<\/p>","protected":false},"author":1,"featured_media":0,"parent":0,"menu_order":0,"comment_status":"closed","ping_status":"closed","template":"elementor_header_footer","meta":{"footnotes":""},"class_list":["post-16","page","type-page","status-publish","hentry"],"_links":{"self":[{"href":"https:\/\/www.b12restaurant.cat\/es\/wp-json\/wp\/v2\/pages\/16","targetHints":{"allow":["GET"]}}],"collection":[{"href":"https:\/\/www.b12restaurant.cat\/es\/wp-json\/wp\/v2\/pages"}],"about":[{"href":"https:\/\/www.b12restaurant.cat\/es\/wp-json\/wp\/v2\/types\/page"}],"author":[{"embeddable":true,"href":"https:\/\/www.b12restaurant.cat\/es\/wp-json\/wp\/v2\/users\/1"}],"replies":[{"embeddable":true,"href":"https:\/\/www.b12restaurant.cat\/es\/wp-json\/wp\/v2\/comments?post=16"}],"version-history":[{"count":208,"href":"https:\/\/www.b12restaurant.cat\/es\/wp-json\/wp\/v2\/pages\/16\/revisions"}],"predecessor-version":[{"id":698,"href":"https:\/\/www.b12restaurant.cat\/es\/wp-json\/wp\/v2\/pages\/16\/revisions\/698"}],"wp:attachment":[{"href":"https:\/\/www.b12restaurant.cat\/es\/wp-json\/wp\/v2\/media?parent=16"}],"curies":[{"name":"wp","href":"https:\/\/api.w.org\/{rel}","templated":true}]}}