{"id":22,"date":"2024-05-15T12:21:54","date_gmt":"2024-05-15T10:21:54","guid":{"rendered":"https:\/\/www.b12restaurant.cat\/?page_id=22"},"modified":"2025-03-07T09:42:11","modified_gmt":"2025-03-07T08:42:11","slug":"cerveses-artesanes","status":"publish","type":"page","link":"https:\/\/www.b12restaurant.cat\/es\/cerveses-artesanes\/","title":{"rendered":"CERVEZAS ARTESANALES"},"content":{"rendered":"<div data-elementor-type=\"wp-page\" data-elementor-id=\"22\" class=\"elementor elementor-22\" data-elementor-post-type=\"page\">\n\t\t\t\t<div class=\"elementor-element elementor-element-e96c368 e-flex e-con-boxed e-con e-parent\" data-id=\"e96c368\" data-element_type=\"container\" data-settings=\"{&quot;background_background&quot;:&quot;slideshow&quot;,&quot;background_slideshow_gallery&quot;:[{&quot;id&quot;:388,&quot;url&quot;:&quot;https:\\\/\\\/www.b12restaurant.cat\\\/wp-content\\\/uploads\\\/2024\\\/07\\\/1.jpg&quot;},{&quot;id&quot;:389,&quot;url&quot;:&quot;https:\\\/\\\/www.b12restaurant.cat\\\/wp-content\\\/uploads\\\/2024\\\/07\\\/2.jpg&quot;},{&quot;id&quot;:390,&quot;url&quot;:&quot;https:\\\/\\\/www.b12restaurant.cat\\\/wp-content\\\/uploads\\\/2024\\\/07\\\/3.jpg&quot;}],&quot;background_slideshow_slide_duration&quot;:2600,&quot;background_slideshow_ken_burns&quot;:&quot;yes&quot;,&quot;background_slideshow_loop&quot;:&quot;yes&quot;,&quot;background_slideshow_slide_transition&quot;:&quot;fade&quot;,&quot;background_slideshow_transition_duration&quot;:500,&quot;background_slideshow_ken_burns_zoom_direction&quot;:&quot;in&quot;}\">\n\t\t\t\t\t<div class=\"e-con-inner\">\n\t\t\t\t<div class=\"elementor-element elementor-element-171b28a elementor-widget elementor-widget-spacer\" data-id=\"171b28a\" data-element_type=\"widget\" data-widget_type=\"spacer.default\">\n\t\t\t\t<div class=\"elementor-widget-container\">\n\t\t\t\t\t\t\t<div class=\"elementor-spacer\">\n\t\t\t<div class=\"elementor-spacer-inner\"><\/div>\n\t\t<\/div>\n\t\t\t\t\t\t<\/div>\n\t\t\t\t<\/div>\n\t\t\t\t\t<\/div>\n\t\t\t\t<\/div>\n\t\t<div class=\"elementor-element elementor-element-1cf5af8 e-con-full e-flex e-con e-parent\" data-id=\"1cf5af8\" data-element_type=\"container\" data-settings=\"{&quot;background_background&quot;:&quot;classic&quot;,&quot;animation&quot;:&quot;none&quot;}\">\n\t\t<div class=\"elementor-element elementor-element-4a14ff0 e-con-full e-flex e-con e-child\" data-id=\"4a14ff0\" data-element_type=\"container\">\n\t\t\t\t<div class=\"elementor-element elementor-element-6b367b9 animated-slow elementor-widget__width-initial elementor-invisible elementor-widget elementor-widget-heading\" data-id=\"6b367b9\" data-element_type=\"widget\" data-settings=\"{&quot;_animation&quot;:&quot;fadeInLeft&quot;}\" data-widget_type=\"heading.default\">\n\t\t\t\t<div class=\"elementor-widget-container\">\n\t\t\t\t\t<h1 class=\"elementor-heading-title elementor-size-default\">Especialistas en cervezas artesanales catalanas<\/h1>\t\t\t\t<\/div>\n\t\t\t\t<\/div>\n\t\t\t\t<div class=\"elementor-element elementor-element-a1f37ea elementor-widget-tablet__width-initial elementor-widget__width-inherit elementor-invisible elementor-widget elementor-widget-text-editor\" data-id=\"a1f37ea\" data-element_type=\"widget\" data-settings=\"{&quot;_animation&quot;:&quot;fadeInUp&quot;}\" data-widget_type=\"text-editor.default\">\n\t\t\t\t<div class=\"elementor-widget-container\">\n\t\t\t\t\t\t\t\t\t<p>En B12 Restaurant, la pasi\u00f3n por la buena cocina se combina con una selecci\u00f3n excepcional de cervezas artesanales. Nos enorgullece presentarte m\u00e1s de 80 referencias de cerveza artesanal catalana, seleccionadas con cuidado para ofrecerte una experiencia \u00fanica. Tambi\u00e9n tenemos una carta de cervezas invitadas rotativas que cambia casi semanalmente.<\/p><p>Para los amantes de las cervezas de barril, tenemos 5 grifos siempre activos, donde vamos cambiando regularmente nuestras propuestas para sorprenderte con nuevos sabores y aromas. Disfruta de una cerveza fresca y descubre lo mejor de las cervezas artesanales catalanas, maridadas con nuestros deliciosos platos veganos.<\/p>\t\t\t\t\t\t\t\t<\/div>\n\t\t\t\t<\/div>\n\t\t\t\t<\/div>\n\t\t<div class=\"elementor-element elementor-element-01de5b6 e-con-full e-flex e-con e-child\" data-id=\"01de5b6\" data-element_type=\"container\">\n\t\t\t\t<div class=\"elementor-element elementor-element-b9f66ec animated-slow elementor-invisible elementor-widget elementor-widget-image\" data-id=\"b9f66ec\" data-element_type=\"widget\" data-settings=\"{&quot;_animation&quot;:&quot;fadeInRight&quot;}\" data-widget_type=\"image.default\">\n\t\t\t\t<div class=\"elementor-widget-container\">\n\t\t\t\t\t\t\t\t\t\t\t\t\t\t\t<img fetchpriority=\"high\" decoding=\"async\" width=\"675\" height=\"675\" src=\"https:\/\/www.b12restaurant.cat\/wp-content\/uploads\/2024\/07\/b12.png\" class=\"attachment-large size-large wp-image-366\" alt=\"\" srcset=\"https:\/\/www.b12restaurant.cat\/wp-content\/uploads\/2024\/07\/b12.png 675w, https:\/\/www.b12restaurant.cat\/wp-content\/uploads\/2024\/07\/b12-300x300.png 300w, https:\/\/www.b12restaurant.cat\/wp-content\/uploads\/2024\/07\/b12-150x150.png 150w, https:\/\/www.b12restaurant.cat\/wp-content\/uploads\/2024\/07\/b12-12x12.png 12w\" sizes=\"(max-width: 675px) 100vw, 675px\" \/>\t\t\t\t\t\t\t\t\t\t\t\t\t\t\t<\/div>\n\t\t\t\t<\/div>\n\t\t\t\t<\/div>\n\t\t\t\t<\/div>\n\t\t<div class=\"elementor-element elementor-element-5353061 e-con-full e-flex e-con e-parent\" data-id=\"5353061\" data-element_type=\"container\">\n\t\t<div class=\"elementor-element elementor-element-c9f4877 e-con-full e-flex e-con e-child\" data-id=\"c9f4877\" data-element_type=\"container\">\n\t\t\t\t<div class=\"elementor-element elementor-element-ae3af42 elementor-widget elementor-widget-image\" data-id=\"ae3af42\" data-element_type=\"widget\" data-widget_type=\"image.default\">\n\t\t\t\t<div class=\"elementor-widget-container\">\n\t\t\t\t\t\t\t\t\t\t\t\t\t\t\t<img decoding=\"async\" width=\"718\" height=\"1024\" src=\"https:\/\/www.b12restaurant.cat\/wp-content\/uploads\/2024\/06\/Captura-de-pantalla-2024-06-04-a-las-11.23.10-718x1024.jpg\" class=\"attachment-large size-large wp-image-329\" alt=\"cerveses artesanes girona\" srcset=\"https:\/\/www.b12restaurant.cat\/wp-content\/uploads\/2024\/06\/Captura-de-pantalla-2024-06-04-a-las-11.23.10-718x1024.jpg 718w, https:\/\/www.b12restaurant.cat\/wp-content\/uploads\/2024\/06\/Captura-de-pantalla-2024-06-04-a-las-11.23.10-210x300.jpg 210w, https:\/\/www.b12restaurant.cat\/wp-content\/uploads\/2024\/06\/Captura-de-pantalla-2024-06-04-a-las-11.23.10-768x1095.jpg 768w, https:\/\/www.b12restaurant.cat\/wp-content\/uploads\/2024\/06\/Captura-de-pantalla-2024-06-04-a-las-11.23.10-1077x1536.jpg 1077w, https:\/\/www.b12restaurant.cat\/wp-content\/uploads\/2024\/06\/Captura-de-pantalla-2024-06-04-a-las-11.23.10.jpg 1160w\" sizes=\"(max-width: 718px) 100vw, 718px\" \/>\t\t\t\t\t\t\t\t\t\t\t\t\t\t\t<\/div>\n\t\t\t\t<\/div>\n\t\t\t\t<\/div>\n\t\t<div class=\"elementor-element elementor-element-69b9bed e-con-full e-flex e-con e-child\" data-id=\"69b9bed\" data-element_type=\"container\">\n\t\t\t\t<div class=\"elementor-element elementor-element-c73dfa6 elementor-widget elementor-widget-image\" data-id=\"c73dfa6\" data-element_type=\"widget\" data-widget_type=\"image.default\">\n\t\t\t\t<div class=\"elementor-widget-container\">\n\t\t\t\t\t\t\t\t\t\t\t\t\t\t\t\t<a href=\"https:\/\/www.b12restaurant.cat\/wp-content\/uploads\/2025\/03\/Carta-birres-nova_page-0001.jpg\" data-elementor-open-lightbox=\"yes\" data-e-action-hash=\"#elementor-action%3Aaction%3Dlightbox%26settings%3DeyJpZCI6NzUyLCJ1cmwiOiJodHRwczpcL1wvd3d3LmIxMnJlc3RhdXJhbnQuY2F0XC93cC1jb250ZW50XC91cGxvYWRzXC8yMDI1XC8wM1wvQ2FydGEtYmlycmVzLW5vdmFfcGFnZS0wMDAxLmpwZyJ9\">\n\t\t\t\t\t\t\t<img decoding=\"async\" width=\"721\" height=\"1024\" src=\"https:\/\/www.b12restaurant.cat\/wp-content\/uploads\/2025\/03\/Carta-birres-nova_page-0001-721x1024.jpg\" class=\"elementor-animation-grow attachment-large size-large wp-image-752\" alt=\"\" srcset=\"https:\/\/www.b12restaurant.cat\/wp-content\/uploads\/2025\/03\/Carta-birres-nova_page-0001-721x1024.jpg 721w, https:\/\/www.b12restaurant.cat\/wp-content\/uploads\/2025\/03\/Carta-birres-nova_page-0001-211x300.jpg 211w, https:\/\/www.b12restaurant.cat\/wp-content\/uploads\/2025\/03\/Carta-birres-nova_page-0001-768x1090.jpg 768w, https:\/\/www.b12restaurant.cat\/wp-content\/uploads\/2025\/03\/Carta-birres-nova_page-0001-8x12.jpg 8w, https:\/\/www.b12restaurant.cat\/wp-content\/uploads\/2025\/03\/Carta-birres-nova_page-0001.jpg 874w\" sizes=\"(max-width: 721px) 100vw, 721px\" \/>\t\t\t\t\t\t\t\t<\/a>\n\t\t\t\t\t\t\t\t\t\t\t\t\t\t\t<\/div>\n\t\t\t\t<\/div>\n\t\t\t\t<\/div>\n\t\t<div class=\"elementor-element elementor-element-3828341 e-con-full e-flex e-con e-child\" data-id=\"3828341\" data-element_type=\"container\">\n\t\t\t\t<div class=\"elementor-element elementor-element-485d683 elementor-widget elementor-widget-image\" data-id=\"485d683\" data-element_type=\"widget\" data-widget_type=\"image.default\">\n\t\t\t\t<div class=\"elementor-widget-container\">\n\t\t\t\t\t\t\t\t\t\t\t\t\t\t\t\t<a href=\"https:\/\/www.b12restaurant.cat\/wp-content\/uploads\/2025\/03\/Carta-birres-nova_page-0002.jpg\" data-elementor-open-lightbox=\"yes\" data-e-action-hash=\"#elementor-action%3Aaction%3Dlightbox%26settings%3DeyJpZCI6NzUzLCJ1cmwiOiJodHRwczpcL1wvd3d3LmIxMnJlc3RhdXJhbnQuY2F0XC93cC1jb250ZW50XC91cGxvYWRzXC8yMDI1XC8wM1wvQ2FydGEtYmlycmVzLW5vdmFfcGFnZS0wMDAyLmpwZyJ9\">\n\t\t\t\t\t\t\t<img loading=\"lazy\" decoding=\"async\" width=\"721\" height=\"1024\" src=\"https:\/\/www.b12restaurant.cat\/wp-content\/uploads\/2025\/03\/Carta-birres-nova_page-0002-721x1024.jpg\" class=\"elementor-animation-grow attachment-large size-large wp-image-753\" alt=\"\" srcset=\"https:\/\/www.b12restaurant.cat\/wp-content\/uploads\/2025\/03\/Carta-birres-nova_page-0002-721x1024.jpg 721w, https:\/\/www.b12restaurant.cat\/wp-content\/uploads\/2025\/03\/Carta-birres-nova_page-0002-211x300.jpg 211w, https:\/\/www.b12restaurant.cat\/wp-content\/uploads\/2025\/03\/Carta-birres-nova_page-0002-768x1090.jpg 768w, https:\/\/www.b12restaurant.cat\/wp-content\/uploads\/2025\/03\/Carta-birres-nova_page-0002-8x12.jpg 8w, https:\/\/www.b12restaurant.cat\/wp-content\/uploads\/2025\/03\/Carta-birres-nova_page-0002.jpg 874w\" sizes=\"(max-width: 721px) 100vw, 721px\" \/>\t\t\t\t\t\t\t\t<\/a>\n\t\t\t\t\t\t\t\t\t\t\t\t\t\t\t<\/div>\n\t\t\t\t<\/div>\n\t\t\t\t<\/div>\n\t\t\t\t<\/div>\n\t\t\t\t<\/div>","protected":false},"excerpt":{"rendered":"<p>Especialistas en cervezas artesanas catalanas En el B12 Restaurant, la pasi\u00f3n por la buena cocina se combina con una selecci\u00f3n excepcional de cervezas artesanas. Estamos orgullosos de presentarte m\u00e1s de 80 referencias de cerveza artesana catalana, seleccionadas cuidadosamente para ofrecerte una experiencia \u00fanica. Tambi\u00e9n tenemos una carta de cervezas invitadas rotativas que cambia casi semanalmente. [\u2026]<\/p>","protected":false},"author":1,"featured_media":0,"parent":0,"menu_order":0,"comment_status":"closed","ping_status":"closed","template":"","meta":{"footnotes":""},"class_list":["post-22","page","type-page","status-publish","hentry"],"_links":{"self":[{"href":"https:\/\/www.b12restaurant.cat\/es\/wp-json\/wp\/v2\/pages\/22","targetHints":{"allow":["GET"]}}],"collection":[{"href":"https:\/\/www.b12restaurant.cat\/es\/wp-json\/wp\/v2\/pages"}],"about":[{"href":"https:\/\/www.b12restaurant.cat\/es\/wp-json\/wp\/v2\/types\/page"}],"author":[{"embeddable":true,"href":"https:\/\/www.b12restaurant.cat\/es\/wp-json\/wp\/v2\/users\/1"}],"replies":[{"embeddable":true,"href":"https:\/\/www.b12restaurant.cat\/es\/wp-json\/wp\/v2\/comments?post=22"}],"version-history":[{"count":64,"href":"https:\/\/www.b12restaurant.cat\/es\/wp-json\/wp\/v2\/pages\/22\/revisions"}],"predecessor-version":[{"id":762,"href":"https:\/\/www.b12restaurant.cat\/es\/wp-json\/wp\/v2\/pages\/22\/revisions\/762"}],"wp:attachment":[{"href":"https:\/\/www.b12restaurant.cat\/es\/wp-json\/wp\/v2\/media?parent=22"}],"curies":[{"name":"wp","href":"https:\/\/api.w.org\/{rel}","templated":true}]}}