{"id":30,"date":"2024-05-15T12:22:32","date_gmt":"2024-05-15T10:22:32","guid":{"rendered":"https:\/\/www.b12restaurant.cat\/?page_id=30"},"modified":"2025-12-19T09:54:39","modified_gmt":"2025-12-19T08:54:39","slug":"politica-de-privacitat","status":"publish","type":"page","link":"https:\/\/www.b12restaurant.cat\/es\/politica-de-privacitat\/","title":{"rendered":"Pol\u00edtica de privacidad"},"content":{"rendered":"<div data-elementor-type=\"wp-page\" data-elementor-id=\"30\" class=\"elementor elementor-30\" data-elementor-post-type=\"page\">\n\t\t\t\t<div class=\"elementor-element elementor-element-9b0ddb1 e-con-full e-flex e-con e-parent\" data-id=\"9b0ddb1\" data-element_type=\"container\" data-settings=\"{&quot;background_background&quot;:&quot;gradient&quot;}\">\n\t\t<div class=\"elementor-element elementor-element-23f10fe e-con-full e-flex e-con e-child\" data-id=\"23f10fe\" data-element_type=\"container\">\n\t\t<div class=\"elementor-element elementor-element-961ec45 e-con-full e-flex e-con e-child\" data-id=\"961ec45\" data-element_type=\"container\">\n\t\t\t\t<div class=\"elementor-element elementor-element-b153580 elementor-widget elementor-widget-heading\" data-id=\"b153580\" data-element_type=\"widget\" data-widget_type=\"heading.default\">\n\t\t\t\t<div class=\"elementor-widget-container\">\n\t\t\t\t\t<h2 class=\"elementor-heading-title elementor-size-default\">Pol\u00edtica de privacidad<\/h2>\t\t\t\t<\/div>\n\t\t\t\t<\/div>\n\t\t\t\t<div class=\"elementor-element elementor-element-57c916e elementor-invisible elementor-widget elementor-widget-text-editor\" data-id=\"57c916e\" data-element_type=\"widget\" data-settings=\"{&quot;_animation&quot;:&quot;fadeInUp&quot;}\" data-widget_type=\"text-editor.default\">\n\t\t\t\t<div class=\"elementor-widget-container\">\n\t\t\t\t\t\t\t\t\t<p>De conformidad con lo que establece la normativa vigente en Protecci\u00f3n de Datos de Car\u00e1cter Personal, le informamos que sus datos ser\u00e1n incorporados al sistema de tratamiento titularidad de B12 GIRONA con CIFE55269658 y con domicilio social situado en C\/Hortes, 7, 17001, Girona con el fin de atender sus consultas. En cumplimiento con la normativa vigente, B12 GIRONA informa que sus datos ser\u00e1n conservados durante el plazo estrictamente necesario para cumplir con los preceptos mencionados anteriormente.<\/p><p>B12 GIRONA, informa que proceder\u00e1 a tratar los datos de forma l\u00edcita, leal, transparente, adecuada, pertinente, limitada, exacta y actualizada. Por ello, B12 GIRONA, se compromete a adoptar todas las medidas razonables para que \u00e9stas se supriman o rectifiquen sin dilaci\u00f3n cuando sean inexactas. De acuerdo con los derechos que le confiere la normativa vigente en protecci\u00f3n de datos podr\u00e1 ejercitar los derechos de acceso, rectificaci\u00f3n, limitaci\u00f3n del tratamiento, supresi\u00f3n, portabilidad y oposici\u00f3n al tratamiento de sus datos de car\u00e1cter personal as\u00ed como del consentimiento prestado por el tratamiento de los mismos, dirigiendo su petici\u00f3n a la direcci\u00f3n postalindicada m\u00e1s arriba o al correo electr\u00f3nico cafebar-b12@riseup.<\/p><p>Le informamos que podr\u00e1 recavar en cualquier momento el consentimiento prestado en la recepci\u00f3n de comunicaciones comerciales enviando un e-mail a la direcci\u00f3n: cafebar-b12@riseup.net<br \/>Podr\u00e1 dirigirse a la Autoridad de Control competente para presentar la reclamaci\u00f3n que estime oportuna. El env\u00edo de estos datos implica la aceptaci\u00f3n de la cl\u00e1usula.<\/p><p><strong>POL\u00cdTICA DE PRIVACIDAD REDES SOCIALES<\/strong><\/p><p>En cumplimiento de la normativa vigente y aplicable en Protecci\u00f3n de Datos de Car\u00e1cter Personal (RGPD) y la Ley 34\/2002, de 11 de julio, de Servicios de la Sociedad de la Informaci\u00f3n y de Comercio Electr\u00f3nico (LSSI-CE), B12 GIRONA, informa a los usuarios, que ha procedido a crear un perfil en las redes sociales Facebook e instagram con la finalidad principal.<\/p><p>Datos de B12 GIRONA:<\/p><p>\u2022 CIF: E55269658 <br \/>\u2022 DIRECCI\u00d3N: C\/Hortes, 7, 17001, Girona <br \/>\u2022 CORREO ELECTR\u00d3NICO: cafebar-b12@riseup.net <br \/>\u2022 DOMINIO WEB: b12restaurant.cat<\/p><p>Los usuarios disponen de un perfil en la misma Red Social y ha decidido unirse a la p\u00e1gina creada por B12 GIRONA, mostrando as\u00ed inter\u00e9s en la informaci\u00f3n que se publicite en la Red. Al unirse a nuestra p\u00e1gina, nos facilita su consentimiento para el tratamiento de aquellos datos personales publicados en su perfil. Los usuarios pueden acceder en todo momento a las pol\u00edticas de privacidad de la propia Red Social, as\u00ed como configurar su perfil para germanizar su privacidad. B12 GIRONA, tiene acceso y trata aquella informaci\u00f3n p\u00fablica del usuario, en especial, su nombre de contacto. Estos datos, s\u00f3lo son utilizados dentro de la propia Red Social. No est\u00e1n incorporados a ning\u00fan sistema de tratamiento. En relaci\u00f3n con los derechos de acceso, rectificaci\u00f3n, limitaci\u00f3n del tratamiento, supresi\u00f3n, portabilidad y oposici\u00f3n al tratamiento de sus datos de car\u00e1cter personal de los que usted dispone y que pueden ser ejercidos ante B12 GIRONA, de acuerdo con la RGPD, debe tener en cuenta los siguientes aspectos:<\/p><p>\u2022 Derecho de Acceso: Es el derecho del usuario a obtener informaci\u00f3n sobre sus datos concretos de car\u00e1cter personal y del tratamiento que se haya realizado o realice, as\u00ed como de la informaci\u00f3n disponible sobre el origen de estos datos y las comunicaciones realizadas o previstas de los mismos.<br \/><span style=\"font-family: -apple-system, BlinkMacSystemFont, 'Segoe UI', Roboto, 'Helvetica Neue', Arial, 'Noto Sans', sans-serif, 'Apple Color Emoji', 'Segoe UI Emoji', 'Segoe UI Symbol', 'Noto Color Emoji';\">\u2022 Derecho de Rectificaci\u00f3n: Es el derecho del afectado a que se modifiquen los datos que resulten ser inexactos o incompletos. S\u00f3lo podr\u00e1 satisfacerse en relaci\u00f3n con la informaci\u00f3n que se encuentre bajo el control de B12 GIRONA, por ejemplo, eliminar comentarios publicados en la propia p\u00e1gina, im\u00e1genes o contenidos web donde consten datos de car\u00e1cter personal del usuario.<br \/><\/span>\u2022 Derecho a la Limitaci\u00f3n de tratamiento: Es el derecho a que se limiten los jefes del tratamiento previstos de forma original por el responsable del tratamiento. <br \/>\u2022 Derecho de supresi\u00f3n: Es el derecho a suprimir los datos de car\u00e1cter personal del usuario, a excepci\u00f3n de lo que prev\u00e9 el propio RGPD o en otras normativas aplicables que determinen la obligatoriedad de la conservaci\u00f3n de los mismos, en tiempo y forma. <br \/>\u2022 Derecho de portabilidad: El derecho a recibir los datos personales que el usuario haya facilitado, en un formato estructurado, de uso com\u00fan y lectura mec\u00e1nica, ya transmitirlos a otro responsable. <br \/>\u2022 Derecho de oposici\u00f3n: Es el derecho del usuario a que no se lleve a cabo el tratamiento de sus datos de car\u00e1cter personal o se cese el tratamiento de los mismos por parte de B12 GIRONA.<\/p><p>B12 GIRONA, realizar\u00e1 las siguientes actuaciones: <br \/>\u2022 Acceso a la informaci\u00f3n p\u00fablica del perfil. <br \/>\u2022 Publicaci\u00f3n en el perfil del usuario de toda aquella informaci\u00f3n ya publicada en la p\u00e1gina de B12 GIRONA <br \/>\u2022 Enviar mensajes personales e individuales a trav\u00e9s de todos los canales de la Red Social. <br \/>\u2022 Actualizaciones del estado de la p\u00e1gina que se publicar\u00e1n en el perfil del usuario.<\/p><p>El usuario siempre puede controlar sus conexiones, eliminar los contenidos que dejen de interesarle y restringir con quien comparta sus conexiones, por lo que deber\u00e1 acceder a la configuraci\u00f3n de privacidad.<\/p><p>Publicaciones: El usuario, una vez unido a la p\u00e1gina de B12 GIRONA, podr\u00e1 publicar en esta \u00faltima comentarios, enlaces, im\u00e1genes o fotograf\u00edas o cualquier otro tipo de contenido multimedia soportado por la Red Social.<\/p><p>El usuario, en todos los casos, debe ser el titular de los mismos, gozar de todos los derechos de autor y de propiedad intelectual o contar con el consentimiento de los terceros afectados. Se proh\u00edbe expresamente cualquier publicaci\u00f3n en la p\u00e1gina, ya sean textos, gr\u00e1ficos, fotograf\u00edas, v\u00eddeos, etc. Que atiendan o sean susceptibles de atentar contra la moral, la \u00e9tica, el buen fuste o el decoro, y\/o que inflijan, violen o infrinjan los derechos de propiedad intelectual o industrial, el derecho a la imagen o la Ley.<\/p><p>En los casos, B12 GIRONA, se reserva el derecho a retirar de inmediato el contenido, pudiendo solicitar el bloqueo permanentemente del usuario. B12 GIRONA, no se har\u00e1 responsable de los contenidos que deliberadamente ha publicado un usuario. El usuario debe tener presente que sus publicaciones ser\u00e1n conocidas por los dem\u00e1s usuarios, por lo que \u00e9l mismo es el principal responsable de su privacidad. Las im\u00e1genes que puedan publicarse en la p\u00e1gina no ser\u00e1n almacenadas en ning\u00fan sistema de tratamiento por parte de B12 GIRONA, pero s\u00ed se mantendr\u00e1n en la Red Social.<\/p><p>Concursos y promociones: B12 GIRONA, se reserva el derecho a realizar concursos y promociones, en los que podr\u00e1 participar el usuario unido a la p\u00e1gina. Las bases de cada uno de ellos, cuando se utilice a tal fin la plataforma de la Red Social, ser\u00e1n publicadas en la misma. Cumpliendo siempre con la LSS-CE y cualquier otra norma que pueda ser de aplicaci\u00f3n. La Red Social no patrocina, avala ni administra, en modo alguno, ninguna de nuestras promociones, ni est\u00e1 asociada a ninguna de ellas.<\/p><p>Publicidad: B12 GIRONA, utilizar\u00e1 la Red Social para publicitar sus productos y servicios, en cualquier caso, si decide tratar sus datos de contacto para realizar acciones directas de prospecci\u00f3n comicial, ser\u00e1 siempre, cumpliendo con las exigencias legales de la RGPD y de la LSSI-CE. No se considerar\u00e1 publicidad recomendar a otros usuarios la p\u00e1gina de B12 GIRONA, para que ellos puedan disfrutar de las promociones o estar informados de su actividad.<\/p>\t\t\t\t\t\t\t\t<\/div>\n\t\t\t\t<\/div>\n\t\t\t\t<\/div>\n\t\t\t\t<\/div>\n\t\t\t\t<\/div>\n\t\t\t\t<\/div>","protected":false},"excerpt":{"rendered":"<p>Pol\u00edtica de privacidad De conformidad con lo que establece la normativa vigente en Protecci\u00f3n de Datos de Car\u00e1cter Personal, le informamos que sus datos ser\u00e1n incorporados al sistema de tratamiento titularidad de B12 GIRONA con CIFE55269658 y con domicilio social situado en C\/Hortes, 7, 17001, Girona con el fin de atender sus consultas. En cumplimiento [\u2026]<\/p>","protected":false},"author":1,"featured_media":0,"parent":0,"menu_order":0,"comment_status":"closed","ping_status":"closed","template":"","meta":{"footnotes":""},"class_list":["post-30","page","type-page","status-publish","hentry"],"_links":{"self":[{"href":"https:\/\/www.b12restaurant.cat\/es\/wp-json\/wp\/v2\/pages\/30","targetHints":{"allow":["GET"]}}],"collection":[{"href":"https:\/\/www.b12restaurant.cat\/es\/wp-json\/wp\/v2\/pages"}],"about":[{"href":"https:\/\/www.b12restaurant.cat\/es\/wp-json\/wp\/v2\/types\/page"}],"author":[{"embeddable":true,"href":"https:\/\/www.b12restaurant.cat\/es\/wp-json\/wp\/v2\/users\/1"}],"replies":[{"embeddable":true,"href":"https:\/\/www.b12restaurant.cat\/es\/wp-json\/wp\/v2\/comments?post=30"}],"version-history":[{"count":13,"href":"https:\/\/www.b12restaurant.cat\/es\/wp-json\/wp\/v2\/pages\/30\/revisions"}],"predecessor-version":[{"id":810,"href":"https:\/\/www.b12restaurant.cat\/es\/wp-json\/wp\/v2\/pages\/30\/revisions\/810"}],"wp:attachment":[{"href":"https:\/\/www.b12restaurant.cat\/es\/wp-json\/wp\/v2\/media?parent=30"}],"curies":[{"name":"wp","href":"https:\/\/api.w.org\/{rel}","templated":true}]}}